{"id":114,"date":"2026-03-11T11:38:43","date_gmt":"2026-03-11T11:38:43","guid":{"rendered":"https:\/\/theintrovertsgarden.com\/?page_id=114"},"modified":"2026-03-11T20:55:27","modified_gmt":"2026-03-12T00:55:27","slug":"blog","status":"publish","type":"page","link":"https:\/\/theintrovertsgarden.com\/?page_id=114","title":{"rendered":"Blog"},"content":{"rendered":"\n<div class=\"wp-block-group alignfull has-contrast-color has-text-color has-link-color wp-elements-ae11c16c96007767c6372efbf7b7c68b has-global-padding is-layout-constrained wp-container-core-group-is-layout-11181c1e wp-block-group-is-layout-constrained\" style=\"margin-top:0;margin-bottom:0;padding-top:var(--wp--preset--spacing--superbspacing-xlarge);padding-right:var(--wp--preset--spacing--superbspacing-small);padding-bottom:var(--wp--preset--spacing--superbspacing-small);padding-left:var(--wp--preset--spacing--superbspacing-small)\">\n<div class=\"wp-block-group alignwide is-vertical is-content-justification-center is-layout-flex wp-container-core-group-is-layout-f90d858d wp-block-group-is-layout-flex\" style=\"border-radius:20px;padding-top:0;padding-right:0;padding-bottom:0;padding-left:0\">\n<div class=\"wp-block-group has-global-padding is-content-justification-center is-layout-constrained wp-container-core-group-is-layout-e4feb9eb wp-block-group-is-layout-constrained\">\n<h1 class=\"wp-block-heading has-text-align-center has-contrast-color has-text-color has-superbfont-xxlarge-font-size\">Latest Blog Posts<\/h1>\n\n\n\n<p class=\"has-text-align-center has-contrast-color has-text-color has-superbfont-small-font-size\">Browse the articles and discover ideas, reflections, thoughts and little moments that might inspire you.<\/p>\n<\/div>\n<\/div>\n<\/div>\n\n\n\n<div class=\"wp-block-group alignfull has-global-padding is-layout-constrained wp-container-core-group-is-layout-9b4607c3 wp-block-group-is-layout-constrained\" style=\"margin-top:0;margin-bottom:0;padding-top:var(--wp--preset--spacing--superbspacing-small);padding-right:var(--wp--preset--spacing--superbspacing-small);padding-bottom:var(--wp--preset--spacing--superbspacing-small);padding-left:var(--wp--preset--spacing--superbspacing-small)\">\n<main class=\"wp-block-group alignwide has-global-padding is-layout-constrained wp-container-core-group-is-layout-8921a5c1 wp-block-group-is-layout-constrained\" style=\"margin-bottom:var(--wp--preset--spacing--superbspacing-small);padding-top:0;padding-right:0;padding-bottom:0;padding-left:0\">\n<div class=\"wp-block-query alignwide has-global-padding is-layout-constrained wp-container-core-query-is-layout-db9edeb8 wp-block-query-is-layout-constrained\"><ul class=\"columns-3 alignwide wp-block-post-template is-layout-grid wp-container-core-post-template-is-layout-8843d4d4 wp-block-post-template-is-layout-grid\"><li class=\"wp-block-post post-371 post type-post status-publish format-standard has-post-thumbnail hentry category-uncategorized\">\n\n<div class=\"wp-block-group alignwide has-global-padding is-layout-constrained wp-container-core-group-is-layout-e184e313 wp-block-group-is-layout-constrained\" style=\"border-bottom-style:none;border-bottom-width:0px;margin-bottom:0;padding-top:0;padding-bottom:var(--wp--preset--spacing--superbspacing-medium)\"><figure class=\"alignwide wp-block-post-featured-image\"><a href=\"https:\/\/theintrovertsgarden.com\/?p=371\" target=\"_self\"  ><img loading=\"lazy\" decoding=\"async\" width=\"2000\" height=\"2000\" src=\"https:\/\/theintrovertsgarden.com\/wp-content\/uploads\/2026\/03\/Minimalist-Interior-Floral-Garden-Logo.png\" class=\"attachment-post-thumbnail size-post-thumbnail wp-post-image\" alt=\"Test 3\" style=\"object-fit:cover;\" srcset=\"https:\/\/theintrovertsgarden.com\/wp-content\/uploads\/2026\/03\/Minimalist-Interior-Floral-Garden-Logo.png 2000w, https:\/\/theintrovertsgarden.com\/wp-content\/uploads\/2026\/03\/Minimalist-Interior-Floral-Garden-Logo-300x300.png 300w, https:\/\/theintrovertsgarden.com\/wp-content\/uploads\/2026\/03\/Minimalist-Interior-Floral-Garden-Logo-1024x1024.png 1024w, https:\/\/theintrovertsgarden.com\/wp-content\/uploads\/2026\/03\/Minimalist-Interior-Floral-Garden-Logo-150x150.png 150w, https:\/\/theintrovertsgarden.com\/wp-content\/uploads\/2026\/03\/Minimalist-Interior-Floral-Garden-Logo-768x768.png 768w, https:\/\/theintrovertsgarden.com\/wp-content\/uploads\/2026\/03\/Minimalist-Interior-Floral-Garden-Logo-1536x1536.png 1536w\" sizes=\"auto, (max-width: 2000px) 100vw, 2000px\" \/><\/a><\/figure>\n\n\n<div class=\"wp-block-group is-layout-flow wp-block-group-is-layout-flow\"><h2 style=\"font-size:clamp(16.834px, 1.052rem + ((1vw - 3.2px) * 1.042), 26px);font-style:normal;font-weight:600; padding-right:0;padding-left:0;margin-top:0px;margin-bottom:0px;\" class=\"wp-block-post-title has-text-color has-mono-1-color\"><a href=\"https:\/\/theintrovertsgarden.com\/?p=371\" target=\"_self\" >Test 3<\/a><\/h2>\n\n\n<div class=\"wp-block-group is-nowrap is-layout-flex wp-container-core-group-is-layout-9cd48561 wp-block-group-is-layout-flex\" style=\"margin-top:10px;margin-bottom:10px\"><div style=\"font-style:normal;font-weight:600;\" class=\"wp-block-post-date has-text-color has-primary-color has-superbfont-xsmall-font-size\"><time datetime=\"2026-03-11T15:22:25-04:00\"><a href=\"https:\/\/theintrovertsgarden.com\/?p=371\">March 11, 2026<\/a><\/time><\/div><\/div>\n\n\n<div style=\"margin-top:20px;margin-right:0px;margin-bottom:0px;margin-left:0px;\" class=\"wp-block-post-excerpt has-text-color has-mono-2-color has-superbfont-xsmall-font-size\"><p class=\"wp-block-post-excerpt__excerpt\">TEST 3 Bienvenue dans The Quiet Girl\u2019s Garden, un espace pens\u00e9 pour celles et ceux qui trouvent du r\u00e9confort dans la simplicit\u00e9 et le calme. Ici, je partage mes petites d\u00e9couvertes du quotidien : des livres qui font voyager, des recettes saines et r\u00e9confortantes, des id\u00e9es de voyages en solo,&hellip;<\/p><p class=\"wp-block-post-excerpt__more-text\"><a class=\"wp-block-post-excerpt__more-link\" href=\"https:\/\/theintrovertsgarden.com\/?p=371\">Continue reading&#8230;<\/a><\/p><\/div><\/div>\n<\/div>\n\n<\/li><li class=\"wp-block-post post-369 post type-post status-publish format-standard has-post-thumbnail hentry category-uncategorized\">\n\n<div class=\"wp-block-group alignwide has-global-padding is-layout-constrained wp-container-core-group-is-layout-e184e313 wp-block-group-is-layout-constrained\" style=\"border-bottom-style:none;border-bottom-width:0px;margin-bottom:0;padding-top:0;padding-bottom:var(--wp--preset--spacing--superbspacing-medium)\"><figure class=\"alignwide wp-block-post-featured-image\"><a href=\"https:\/\/theintrovertsgarden.com\/?p=369\" target=\"_self\"  ><img loading=\"lazy\" decoding=\"async\" width=\"2000\" height=\"2000\" src=\"https:\/\/theintrovertsgarden.com\/wp-content\/uploads\/2026\/03\/Minimalist-Interior-Floral-Garden-Logo.png\" class=\"attachment-post-thumbnail size-post-thumbnail wp-post-image\" alt=\"Test 2\" style=\"object-fit:cover;\" srcset=\"https:\/\/theintrovertsgarden.com\/wp-content\/uploads\/2026\/03\/Minimalist-Interior-Floral-Garden-Logo.png 2000w, https:\/\/theintrovertsgarden.com\/wp-content\/uploads\/2026\/03\/Minimalist-Interior-Floral-Garden-Logo-300x300.png 300w, https:\/\/theintrovertsgarden.com\/wp-content\/uploads\/2026\/03\/Minimalist-Interior-Floral-Garden-Logo-1024x1024.png 1024w, https:\/\/theintrovertsgarden.com\/wp-content\/uploads\/2026\/03\/Minimalist-Interior-Floral-Garden-Logo-150x150.png 150w, https:\/\/theintrovertsgarden.com\/wp-content\/uploads\/2026\/03\/Minimalist-Interior-Floral-Garden-Logo-768x768.png 768w, https:\/\/theintrovertsgarden.com\/wp-content\/uploads\/2026\/03\/Minimalist-Interior-Floral-Garden-Logo-1536x1536.png 1536w\" sizes=\"auto, (max-width: 2000px) 100vw, 2000px\" \/><\/a><\/figure>\n\n\n<div class=\"wp-block-group is-layout-flow wp-block-group-is-layout-flow\"><h2 style=\"font-size:clamp(16.834px, 1.052rem + ((1vw - 3.2px) * 1.042), 26px);font-style:normal;font-weight:600; padding-right:0;padding-left:0;margin-top:0px;margin-bottom:0px;\" class=\"wp-block-post-title has-text-color has-mono-1-color\"><a href=\"https:\/\/theintrovertsgarden.com\/?p=369\" target=\"_self\" >Test 2<\/a><\/h2>\n\n\n<div class=\"wp-block-group is-nowrap is-layout-flex wp-container-core-group-is-layout-9cd48561 wp-block-group-is-layout-flex\" style=\"margin-top:10px;margin-bottom:10px\"><div style=\"font-style:normal;font-weight:600;\" class=\"wp-block-post-date has-text-color has-primary-color has-superbfont-xsmall-font-size\"><time datetime=\"2026-03-11T15:21:10-04:00\"><a href=\"https:\/\/theintrovertsgarden.com\/?p=369\">March 11, 2026<\/a><\/time><\/div><\/div>\n\n\n<div style=\"margin-top:20px;margin-right:0px;margin-bottom:0px;margin-left:0px;\" class=\"wp-block-post-excerpt has-text-color has-mono-2-color has-superbfont-xsmall-font-size\"><p class=\"wp-block-post-excerpt__excerpt\">TEST 3 Bienvenue dans The Quiet Girl\u2019s Garden, un espace pens\u00e9 pour celles et ceux qui trouvent du r\u00e9confort dans la simplicit\u00e9 et le calme. Ici, je partage mes petites d\u00e9couvertes du quotidien : des livres qui font voyager, des recettes saines et r\u00e9confortantes, des id\u00e9es de voyages en solo,&hellip;<\/p><p class=\"wp-block-post-excerpt__more-text\"><a class=\"wp-block-post-excerpt__more-link\" href=\"https:\/\/theintrovertsgarden.com\/?p=369\">Continue reading&#8230;<\/a><\/p><\/div><\/div>\n<\/div>\n\n<\/li><li class=\"wp-block-post post-367 post type-post status-publish format-standard has-post-thumbnail hentry category-uncategorized\">\n\n<div class=\"wp-block-group alignwide has-global-padding is-layout-constrained wp-container-core-group-is-layout-e184e313 wp-block-group-is-layout-constrained\" style=\"border-bottom-style:none;border-bottom-width:0px;margin-bottom:0;padding-top:0;padding-bottom:var(--wp--preset--spacing--superbspacing-medium)\"><figure class=\"alignwide wp-block-post-featured-image\"><a href=\"https:\/\/theintrovertsgarden.com\/?p=367\" target=\"_self\"  ><img loading=\"lazy\" decoding=\"async\" width=\"2000\" height=\"2000\" src=\"https:\/\/theintrovertsgarden.com\/wp-content\/uploads\/2026\/03\/Minimalist-Interior-Floral-Garden-Logo.png\" class=\"attachment-post-thumbnail size-post-thumbnail wp-post-image\" alt=\"Test 1\" style=\"object-fit:cover;\" srcset=\"https:\/\/theintrovertsgarden.com\/wp-content\/uploads\/2026\/03\/Minimalist-Interior-Floral-Garden-Logo.png 2000w, https:\/\/theintrovertsgarden.com\/wp-content\/uploads\/2026\/03\/Minimalist-Interior-Floral-Garden-Logo-300x300.png 300w, https:\/\/theintrovertsgarden.com\/wp-content\/uploads\/2026\/03\/Minimalist-Interior-Floral-Garden-Logo-1024x1024.png 1024w, https:\/\/theintrovertsgarden.com\/wp-content\/uploads\/2026\/03\/Minimalist-Interior-Floral-Garden-Logo-150x150.png 150w, https:\/\/theintrovertsgarden.com\/wp-content\/uploads\/2026\/03\/Minimalist-Interior-Floral-Garden-Logo-768x768.png 768w, https:\/\/theintrovertsgarden.com\/wp-content\/uploads\/2026\/03\/Minimalist-Interior-Floral-Garden-Logo-1536x1536.png 1536w\" sizes=\"auto, (max-width: 2000px) 100vw, 2000px\" \/><\/a><\/figure>\n\n\n<div class=\"wp-block-group is-layout-flow wp-block-group-is-layout-flow\"><h2 style=\"font-size:clamp(16.834px, 1.052rem + ((1vw - 3.2px) * 1.042), 26px);font-style:normal;font-weight:600; padding-right:0;padding-left:0;margin-top:0px;margin-bottom:0px;\" class=\"wp-block-post-title has-text-color has-mono-1-color\"><a href=\"https:\/\/theintrovertsgarden.com\/?p=367\" target=\"_self\" >Test 1<\/a><\/h2>\n\n\n<div class=\"wp-block-group is-nowrap is-layout-flex wp-container-core-group-is-layout-9cd48561 wp-block-group-is-layout-flex\" style=\"margin-top:10px;margin-bottom:10px\"><div style=\"font-style:normal;font-weight:600;\" class=\"wp-block-post-date has-text-color has-primary-color has-superbfont-xsmall-font-size\"><time datetime=\"2026-03-11T15:20:29-04:00\"><a href=\"https:\/\/theintrovertsgarden.com\/?p=367\">March 11, 2026<\/a><\/time><\/div><\/div>\n\n\n<div style=\"margin-top:20px;margin-right:0px;margin-bottom:0px;margin-left:0px;\" class=\"wp-block-post-excerpt has-text-color has-mono-2-color has-superbfont-xsmall-font-size\"><p class=\"wp-block-post-excerpt__excerpt\">TEST 1 Bienvenue dans The Quiet Girl\u2019s Garden, un espace pens\u00e9 pour celles et ceux qui trouvent du r\u00e9confort dans la simplicit\u00e9 et le calme. Ici, je partage mes petites d\u00e9couvertes du quotidien : des livres qui font voyager, des recettes saines et r\u00e9confortantes, des id\u00e9es de voyages en solo,&hellip;<\/p><p class=\"wp-block-post-excerpt__more-text\"><a class=\"wp-block-post-excerpt__more-link\" href=\"https:\/\/theintrovertsgarden.com\/?p=367\">Continue reading&#8230;<\/a><\/p><\/div><\/div>\n<\/div>\n\n<\/li><\/ul>\n\n\n<div class=\"wp-block-group alignwide has-mono-1-color has-text-color has-global-padding is-layout-constrained wp-container-core-group-is-layout-2ee64fa6 wp-block-group-is-layout-constrained\" style=\"border-radius:10px;margin-top:50px;margin-bottom:0px;padding-right:0;padding-left:0\"><\/div>\n<\/div>\n<\/main>\n<\/div>\n","protected":false},"excerpt":{"rendered":"<p>Latest Blog Posts Browse the articles and discover ideas, reflections, thoughts and little moments that might inspire you.<\/p>\n","protected":false},"author":1,"featured_media":0,"parent":0,"menu_order":0,"comment_status":"closed","ping_status":"closed","template":"superbaddons-page-template","meta":{"footnotes":""},"class_list":["post-114","page","type-page","status-publish","hentry"],"_links":{"self":[{"href":"https:\/\/theintrovertsgarden.com\/index.php?rest_route=\/wp\/v2\/pages\/114","targetHints":{"allow":["GET"]}}],"collection":[{"href":"https:\/\/theintrovertsgarden.com\/index.php?rest_route=\/wp\/v2\/pages"}],"about":[{"href":"https:\/\/theintrovertsgarden.com\/index.php?rest_route=\/wp\/v2\/types\/page"}],"author":[{"embeddable":true,"href":"https:\/\/theintrovertsgarden.com\/index.php?rest_route=\/wp\/v2\/users\/1"}],"replies":[{"embeddable":true,"href":"https:\/\/theintrovertsgarden.com\/index.php?rest_route=%2Fwp%2Fv2%2Fcomments&post=114"}],"version-history":[{"count":3,"href":"https:\/\/theintrovertsgarden.com\/index.php?rest_route=\/wp\/v2\/pages\/114\/revisions"}],"predecessor-version":[{"id":497,"href":"https:\/\/theintrovertsgarden.com\/index.php?rest_route=\/wp\/v2\/pages\/114\/revisions\/497"}],"wp:attachment":[{"href":"https:\/\/theintrovertsgarden.com\/index.php?rest_route=%2Fwp%2Fv2%2Fmedia&parent=114"}],"curies":[{"name":"wp","href":"https:\/\/api.w.org\/{rel}","templated":true}]}}